{"id":11,"date":"2021-05-17T23:15:09","date_gmt":"2021-05-17T21:15:09","guid":{"rendered":"https:\/\/campsys.dk\/?page_id=11"},"modified":"2021-05-23T13:09:11","modified_gmt":"2021-05-23T11:09:11","slug":"kontakt","status":"publish","type":"page","link":"https:\/\/campsys.dk\/index.php\/kontakt\/","title":{"rendered":"Kontakt"},"content":{"rendered":"\n<p class=\"has-text-align-center\">Campsys kontaktes bedst p\u00e5 e-mail: <a href=\"mailto:info@ruja.dk\">info@ruja.dk<\/a> <\/p>\n\n\n\n<p class=\"has-text-align-center\">Campsys kan ydermere kontaktes p\u00e5 nedenst\u00e5ende telefonnummer, som IKKE m\u00e5 benyttes til salg eller lignende.<br>29914844<\/p>\n","protected":false},"excerpt":{"rendered":"<p>Campsys kontaktes bedst p\u00e5 e-mail: info@ruja.dk Campsys kan ydermere kontaktes p\u00e5 nedenst\u00e5ende telefonnummer, som IKKE m\u00e5 benyttes til salg eller lignende.29914844<\/p>\n","protected":false},"author":1,"featured_media":0,"parent":0,"menu_order":0,"comment_status":"closed","ping_status":"closed","template":"","meta":{"footnotes":""},"class_list":["post-11","page","type-page","status-publish","hentry"],"_links":{"self":[{"href":"https:\/\/campsys.dk\/index.php\/wp-json\/wp\/v2\/pages\/11","targetHints":{"allow":["GET"]}}],"collection":[{"href":"https:\/\/campsys.dk\/index.php\/wp-json\/wp\/v2\/pages"}],"about":[{"href":"https:\/\/campsys.dk\/index.php\/wp-json\/wp\/v2\/types\/page"}],"author":[{"embeddable":true,"href":"https:\/\/campsys.dk\/index.php\/wp-json\/wp\/v2\/users\/1"}],"replies":[{"embeddable":true,"href":"https:\/\/campsys.dk\/index.php\/wp-json\/wp\/v2\/comments?post=11"}],"version-history":[{"count":3,"href":"https:\/\/campsys.dk\/index.php\/wp-json\/wp\/v2\/pages\/11\/revisions"}],"predecessor-version":[{"id":158,"href":"https:\/\/campsys.dk\/index.php\/wp-json\/wp\/v2\/pages\/11\/revisions\/158"}],"wp:attachment":[{"href":"https:\/\/campsys.dk\/index.php\/wp-json\/wp\/v2\/media?parent=11"}],"curies":[{"name":"wp","href":"https:\/\/api.w.org\/{rel}","templated":true}]}}