{"id":143,"date":"2021-05-22T22:17:49","date_gmt":"2021-05-22T20:17:49","guid":{"rendered":"https:\/\/campsys.dk\/?page_id=143"},"modified":"2025-07-23T13:48:27","modified_gmt":"2025-07-23T11:48:27","slug":"priser","status":"publish","type":"page","link":"https:\/\/campsys.dk\/index.php\/priser\/","title":{"rendered":"Priser"},"content":{"rendered":"\n<p>Som udgangspunkt er priser opgivet efter forudbetaling p\u00e5 1 \u00e5r.<\/p>\n\n\n\n<figure class=\"wp-block-table is-style-regular\"><table><tbody><tr><td>Produkt<\/td><td>Pr. \u00e5r<\/td><td>Oprettelse<\/td><\/tr><tr><td>Bookingsystem, inkl. grundops\u00e6tning<\/td><td>0 kr.<\/td><td>5.680 kr.<\/td><\/tr><tr><td>Hosting, inkl. daglig backup<\/td><td>5.000 kr.<\/td><td>0 kr.<\/td><\/tr><tr><td>Onlinebooking<\/td><td>2.500 kr.<\/td><td>4.000 kr.<\/td><\/tr><tr><td>POS Kiosk<\/td><td>2.500 kr.<\/td><td>2.500 kr.<\/td><\/tr><tr><td>POS Restaurant (Kr\u00e6ver POS Kiosk)<\/td><td>2.500 kr.<\/td><td>2.500 kr.<\/td><\/tr><tr><td>Br\u00f8dsystem (Kr\u00e6ver POS Kiosk)<\/td><td>500 kr.<\/td><td>500 kr.<\/td><\/tr><tr><td>SMS-system<\/td><td>0 kr.*<\/td><td>500 kr.<\/td><\/tr><tr><td>Wi-Fi \/ Hotspot system<\/td><td>1.500 kr.<\/td><td>1.500 kr.<\/td><\/tr><tr><td>BON-printer pr. stk.<\/td><td>0 kr.<\/td><td>1.500 kr.<\/td><\/tr><tr><td>QuickPay til onlinebetaling****<\/td><td>588 kr.**<\/td><td>99 kr.<\/td><\/tr><tr><td>MobilePay til onlinebetaling****<\/td><td>588 kr.***<\/td><td>99 kr.<\/td><\/tr><tr><td>POS Touch PC\/Tablet inkl. pengeskuffe<\/td><td>0 kr.<\/td><td>7.000 kr.<\/td><\/tr><\/tbody><\/table><\/figure>\n\n\n\n<p>Der er mulighed for at afbetale oprettelsen over 1 \u00e5r.<\/p>\n\n\n\n<p>Betalinger kan foretages pr. m\u00e5ned, pr. kvartal eller pr. \u00e5r.<br>Der till\u00e6gges gebyr for oftere betaling end 1 gang \u00e5rligt.<\/p>\n\n\n\n<p>Hosting kr\u00e6ves til alt andet end bookingsystemet, men anbefales ogs\u00e5 til dette.<\/p>\n\n\n\n<p>*Forbrug af SMS faktureres bagud med 0,35 kr. pr. SMS til danske telefonnumre. (Prisen \u00e6ndrer sig l\u00f8bende gennem \u00e5ret, og kan desv\u00e6rre ikke varsles, da vi ikke f\u00e5r besked herom) &#8211; Det er i \u00f8jeblikket ikke muligt at sende til udenlandske numre, men prisen er 1,55 kr. pr. SMS.<br>Vi g\u00f8r opm\u00e6rksom p\u00e5 at SMS&#8217;er nemt kan fylde flere beskeder, og kan derfor t\u00e6lle for flere SMS&#8217;er.<br>SMS&#8217;er kan l\u00f8bende stige i pris.<\/p>\n\n\n\n<p>**Forbrug af QuickPay faktureres bagud med 1 kr. pr. transaktion.<\/p>\n\n\n\n<p>***Forbrug af MobilePay faktureres bagud med 1 kr. pr. transaktion.<\/p>\n\n\n\n<p>****QuickPay er kun betalingsgateway, der skal oprettes onlineindl\u00f8sningsaftale med f.eks. Nets og\/eller Teller, der fakturerer yderligere gebyrer.<\/p>\n\n\n\n<p>Alle onlinebetalinger, g\u00e5r direkte til campingpladsen, og ikke igennem CampSys systemerne, CampSys tager derfor ikke yderligere gebyrer for en booking.<\/p>\n\n\n\n<p><\/p>\n\n\n\n<p>Administrative priser:<\/p>\n\n\n\n<figure class=\"wp-block-table\"><table><tbody><tr><td>Produkt<\/td><td>Pris<\/td><td>Note<\/td><\/tr><tr><td>Genoprettelse af booking inkl. debiteringer<\/td><td> 150 kr.<\/td><td>Kr\u00e6ver at der er foretaget backup i mellemtiden, dvs. den ikke er oprettet samme dag som den slettes.<\/td><\/tr><tr><td>Opkald udenfor \u00e5bningstid<\/td><td>250 kr.<\/td><td>Dette faktureres uanset om opgaven kan og bliver udf\u00f8rt p\u00e5 det tidspunkt.<\/td><\/tr><tr><td>\u00c6ndring\/lukning af adgang til bookingsystem<\/td><td>150 kr.<\/td><td>Hvis en computer skal udelukkes fra bookingsystemet, ved \u00e6ndring af adgangskoder.<\/td><\/tr><tr><td>Genoprettelse af systemdata<\/td><td>250 kr.<\/td><td>Hvis f.eks. onlinebooking-kunden slettes og skal genoprettes.<\/td><\/tr><tr><td>Support via telefon\/e-mail pr. 30 min<\/td><td>250 kr.<\/td><td>Der t\u00e6lles pr. p\u00e5begyndt halve time.<\/td><\/tr><tr><td>Bes\u00f8g pr. time ekskl. k\u00f8rsel<\/td><td>350 kr.<\/td><td>K\u00f8rsel iflg. statens takstblad. (3,51 kr. pr. km. i 2022)<\/td><\/tr><tr><td>Rykkergebyr pr. rykker<\/td><td>100 kr.<\/td><td>Dertil kommer 2 % rente pr. p\u00e5begyndt m\u00e5ned. (Kompensationsgebyr kan forekomme)<\/td><\/tr><tr><td>VPN-router erstatning<\/td><td>1.000 kr.<\/td><td>Ved manglende tilbagelevering af VPN-router, faktureres dette, jf. betingelser.<\/td><\/tr><tr><td>Installation af KD p\u00e5 ekstra computer<\/td><td>450 kr.<\/td><td>Kr\u00e6ver adgang til eksisterende installation p\u00e5 anden computer.<\/td><\/tr><tr><td>Overdragelse af system til ny ejer<\/td><td>1.000 kr.<\/td><td>D\u00e6kker \u00e6ndring af ejerinfo, samt evt. oprettelse af ny QuickPay-aftale.*<\/td><\/tr><\/tbody><\/table><\/figure>\n\n\n\n<p>* Opl\u00e6ring af ny ejer, skal g\u00f8res af tidligere ejer, da Campsys ikke ved hvordan campingpladsen normalt drives.<\/p>\n\n\n\n<p>Prisen oplyst pr. kvartal, samt oprettelse afbetalt over 4 kvartaler.<\/p>\n\n\n\n<figure class=\"wp-block-table is-style-regular\"><table><tbody><tr><td>Produkt<\/td><td>Pr. kvartal<\/td><td>Oprettelse<\/td><\/tr><tr><td>Bookingsystem, inkl. grundops\u00e6tning<\/td><td>0 kr.<\/td><td>1.520 kr.<\/td><\/tr><tr><td>Hosting, inkl. daglig backup<\/td><td>1.375 kr.<\/td><td>0 kr.<\/td><\/tr><tr><td>Onlinebooking<\/td><td>700 kr.<\/td><td>1.100 kr.<\/td><\/tr><tr><td>POS Kiosk<\/td><td>775 kr.<\/td><td>775 kr.<\/td><\/tr><tr><td>POS Restaurant (Kr\u00e6ver POS Kiosk)<\/td><td>775 kr.<\/td><td>775 kr.<\/td><\/tr><tr><td>Br\u00f8dsystem (Kr\u00e6ver POS Kiosk)<\/td><td>150 kr.<\/td><td>150 kr.<\/td><\/tr><tr><td>SMS-system<\/td><td> 0 kr.* <\/td><td>150 kr.<\/td><\/tr><tr><td>Wi-Fi \/ Hotspot system<\/td><td>450 kr.<\/td><td>450 kr.<\/td><\/tr><tr><td>BON-printer pr. stk.<\/td><td> 0 kr. <\/td><td>500 kr.<\/td><\/tr><tr><td>QuickPay til onlinebetaling****<\/td><td> 147 kr.** <\/td><td>Ej muligt<\/td><\/tr><tr><td>MobilePay til onlinebetaling****<\/td><td> 147 kr.*** <\/td><td>Ej muligt<\/td><\/tr><tr><td>POS Touch PC\/Tablet inkl. pengeskuffe<\/td><td> 0 kr. <\/td><td>2.500 kr.<\/td><\/tr><\/tbody><\/table><\/figure>\n\n\n\n<p> Prisen oplyst pr. m\u00e5ned, samt oprettelse afbetalt over 12 m\u00e5neder. <\/p>\n\n\n\n<figure class=\"wp-block-table is-style-regular\"><table><tbody><tr><td>Produkt<\/td><td>Pr. m\u00e5ned<\/td><td>Oprettelse<\/td><\/tr><tr><td>Bookingsystem, inkl. grundops\u00e6tning<\/td><td>0 kr.<\/td><td>525 kr.<\/td><\/tr><tr><td>Hosting, inkl. daglig backup<\/td><td>500 kr.<\/td><td>0 kr.<\/td><\/tr><tr><td>Onlinebooking<\/td><td>260 kr.<\/td><td>375 kr.<\/td><\/tr><tr><td>POS Kiosk<\/td><td>275 kr.<\/td><td>275 kr.<\/td><\/tr><tr><td>POS Restaurant (Kr\u00e6ver POS Kiosk)<\/td><td>275 kr.<\/td><td>275 kr.<\/td><\/tr><tr><td>Br\u00f8dsystem (Kr\u00e6ver POS Kiosk)<\/td><td>60 kr.<\/td><td>60 kr.<\/td><\/tr><tr><td>SMS-system<\/td><td> 0 kr.* <\/td><td>60 kr.<\/td><\/tr><tr><td>Wi-Fi \/ Hotspot system<\/td><td>175 kr.<\/td><td>175 kr.<\/td><\/tr><tr><td>BON-printer pr. stk.<\/td><td> 0 kr. <\/td><td>200 kr.<\/td><\/tr><tr><td>QuickPay til onlinebetaling****<\/td><td> 49 kr.** <\/td><td>Ej muligt<\/td><\/tr><tr><td>MobilePay til onlinebetaling****<\/td><td> 49 kr. ***  <\/td><td>Ej muligt<\/td><\/tr><tr><td>POS Touch PC\/Tablet inkl. pengeskuffe<\/td><td> 0 kr. <\/td><td>1.250 kr.<\/td><\/tr><\/tbody><\/table><figcaption class=\"wp-element-caption\">Alle priser er oplyst ekskl. moms.<\/figcaption><\/figure>\n\n\n\n<h2 class=\"wp-block-heading\">Betingelser<\/h2>\n\n\n\n<ul class=\"wp-block-list\">\n<li><a href=\"https:\/\/campsys.dk\/wp-content\/uploads\/2023\/12\/Betingelser.pdf\" data-type=\"link\" data-id=\"https:\/\/campsys.dk\/wp-content\/uploads\/2023\/12\/Betingelser.pdf\">Generelle betingelser<\/a><\/li>\n<\/ul>\n","protected":false},"excerpt":{"rendered":"<p>Som udgangspunkt er priser opgivet efter forudbetaling p\u00e5 1 \u00e5r. Produkt Pr. \u00e5r Oprettelse Bookingsystem, inkl. grundops\u00e6tning 0 kr. 5.680 kr. Hosting, inkl. daglig backup 5.000 kr. 0 kr. Onlinebooking 2.500 kr. 4.000 kr. POS Kiosk 2.500 kr. 2.500 kr. POS Restaurant (Kr\u00e6ver POS Kiosk) 2.500 kr. 2.500 kr. Br\u00f8dsystem (Kr\u00e6ver POS Kiosk) 500 kr. [&hellip;]<\/p>\n","protected":false},"author":1,"featured_media":0,"parent":0,"menu_order":0,"comment_status":"closed","ping_status":"closed","template":"","meta":{"footnotes":""},"class_list":["post-143","page","type-page","status-publish","hentry"],"_links":{"self":[{"href":"https:\/\/campsys.dk\/index.php\/wp-json\/wp\/v2\/pages\/143","targetHints":{"allow":["GET"]}}],"collection":[{"href":"https:\/\/campsys.dk\/index.php\/wp-json\/wp\/v2\/pages"}],"about":[{"href":"https:\/\/campsys.dk\/index.php\/wp-json\/wp\/v2\/types\/page"}],"author":[{"embeddable":true,"href":"https:\/\/campsys.dk\/index.php\/wp-json\/wp\/v2\/users\/1"}],"replies":[{"embeddable":true,"href":"https:\/\/campsys.dk\/index.php\/wp-json\/wp\/v2\/comments?post=143"}],"version-history":[{"count":22,"href":"https:\/\/campsys.dk\/index.php\/wp-json\/wp\/v2\/pages\/143\/revisions"}],"predecessor-version":[{"id":297,"href":"https:\/\/campsys.dk\/index.php\/wp-json\/wp\/v2\/pages\/143\/revisions\/297"}],"wp:attachment":[{"href":"https:\/\/campsys.dk\/index.php\/wp-json\/wp\/v2\/media?parent=143"}],"curies":[{"name":"wp","href":"https:\/\/api.w.org\/{rel}","templated":true}]}}