{"id":2,"date":"2021-05-17T22:42:10","date_gmt":"2021-05-17T20:42:10","guid":{"rendered":"https:\/\/campsys.dk\/?page_id=2"},"modified":"2025-07-23T13:50:53","modified_gmt":"2025-07-23T11:50:53","slug":"eksempel-side","status":"publish","type":"page","link":"https:\/\/campsys.dk\/","title":{"rendered":"Campsys"},"content":{"rendered":"\n<p>Der vil l\u00f8bende komme flere informationer om de forskellige produkter vi tilbyder.<\/p>\n\n\n\n<p>Campsys er en del af RUJA.dk<br>Siden 2010 har RUJA.dk arbejdet p\u00e5 diverse funktioner til campingpladser, prim\u00e6rt med udgangspunkt i hvad FUR Camping havde brug for.<br>Der er l\u00f8bende koblet nye campingpladser p\u00e5 systemerne, og i 2021 blev der sat et nyt navn p\u00e5 den del af firmaet.<\/p>\n\n\n\n<p>Campsys tilbyder alt styring til campingpladser. &#8211; Hvis det ikke allerede er lavet, vil det blive lavet og integreret i de eksisterende systemer.<br>Vi arbejder ud fra at systemet skal v\u00e6re til en fornuftig pris, hvor selv de sm\u00e5 campingpladser kan v\u00e6re med, samt at alt kan integreres i et samlet system.<\/p>\n\n\n\n<p>I forbindelse med den nye lovgivning om digitalregistrering ifbm. salg i caf\u00e9er, restauranter, v\u00e6rtshuse, diskoteker, pizzeriaer, grillbarer, isbarer, k\u00f8bm\u00e6nd, d\u00f8gnkiosker og lignende, har vi opdateret s\u00e5 vores systemer overholder alle de nye krav.<\/p>\n\n\n\n<p><strong>Har du ikke en campingplads? <\/strong>&#8211; S\u00e5 kan du alligevel benytte dig af vores Point-of-sale.<br>S\u00e6rligt tilbud til nye kunder der er omfattet af skats nye krav:<br>Standard POS: 399 kr. pr. m\u00e5ned og 0 kr. i oprettelse. (Software pakke)<br>Standard POS + Restaurantmoduler: 699 kr.  pr. m\u00e5ned og 0 kr. i oprettelse. (Software pakke)<br>Hardwarepakke indeholder: 1 POS-computer, 1 elektronisk pengekasse og 1 bon-printer i alt 6.500 kr.*<br>Ekstra printer 1.500 kr.* (F.eks. til k\u00f8kken og bar)<\/p>\n\n\n\n<p><strong>Pris-eksempel p\u00e5 caf\u00e9:<\/strong><\/p>\n\n\n\n<figure class=\"wp-block-table\"><table><tbody><tr><td>Produkt<\/td><td>Oprettelse<\/td><td>Pr. m\u00e5ned<\/td><\/tr><tr><td>POS-system<\/td><td>0 kr.<\/td><td>399 kr.<\/td><\/tr><tr><td>Restaurantmoduler<\/td><td>0 kr.<\/td><td>300 kr.<\/td><\/tr><tr><td>Hardwarepakke<\/td><td>6.500 kr.*<\/td><td>0 kr.<\/td><\/tr><tr><td>2 ekstra printer til k\u00f8kken og bar<\/td><td>3.000 kr.*<\/td><td>0 kr.<\/td><\/tr><tr><td>Fragt<\/td><td>150 kr.<\/td><td><\/td><\/tr><tr><td>Total<\/td><td>13.645 kr.*<\/td><td>779 kr.<\/td><\/tr><\/tbody><\/table><figcaption class=\"wp-element-caption\">* Der tages forbehold for leveringsproblemer og prisstigninger.<\/figcaption><\/figure>\n\n\n\n<p>Vi kan v\u00e6re behj\u00e6lpelige med k\u00f8b af betalingsterminaler til b\u00e5de Nets og S5. &#8211; Prisen afh\u00e6nger af terminaltype.<\/p>\n","protected":false},"excerpt":{"rendered":"<p>Der vil l\u00f8bende komme flere informationer om de forskellige produkter vi tilbyder. Campsys er en del af RUJA.dkSiden 2010 har RUJA.dk arbejdet p\u00e5 diverse funktioner til campingpladser, prim\u00e6rt med udgangspunkt i hvad FUR Camping havde brug for.Der er l\u00f8bende koblet nye campingpladser p\u00e5 systemerne, og i 2021 blev der sat et nyt navn p\u00e5 den [&hellip;]<\/p>\n","protected":false},"author":1,"featured_media":0,"parent":0,"menu_order":0,"comment_status":"closed","ping_status":"open","template":"","meta":{"footnotes":""},"class_list":["post-2","page","type-page","status-publish","hentry"],"_links":{"self":[{"href":"https:\/\/campsys.dk\/index.php\/wp-json\/wp\/v2\/pages\/2","targetHints":{"allow":["GET"]}}],"collection":[{"href":"https:\/\/campsys.dk\/index.php\/wp-json\/wp\/v2\/pages"}],"about":[{"href":"https:\/\/campsys.dk\/index.php\/wp-json\/wp\/v2\/types\/page"}],"author":[{"embeddable":true,"href":"https:\/\/campsys.dk\/index.php\/wp-json\/wp\/v2\/users\/1"}],"replies":[{"embeddable":true,"href":"https:\/\/campsys.dk\/index.php\/wp-json\/wp\/v2\/comments?post=2"}],"version-history":[{"count":12,"href":"https:\/\/campsys.dk\/index.php\/wp-json\/wp\/v2\/pages\/2\/revisions"}],"predecessor-version":[{"id":299,"href":"https:\/\/campsys.dk\/index.php\/wp-json\/wp\/v2\/pages\/2\/revisions\/299"}],"wp:attachment":[{"href":"https:\/\/campsys.dk\/index.php\/wp-json\/wp\/v2\/media?parent=2"}],"curies":[{"name":"wp","href":"https:\/\/api.w.org\/{rel}","templated":true}]}}