{"id":83,"date":"2021-05-20T14:04:19","date_gmt":"2021-05-20T12:04:19","guid":{"rendered":"https:\/\/campsys.dk\/?page_id=83"},"modified":"2025-07-23T13:57:22","modified_gmt":"2025-07-23T11:57:22","slug":"pos-kiosk","status":"publish","type":"page","link":"https:\/\/campsys.dk\/index.php\/pos-kiosk\/","title":{"rendered":"POS &#8211; Kiosk"},"content":{"rendered":"\n<ul class=\"wp-block-list\">\n<li>Integration med Dinero regnskabssystem &#8211; Opret faktura n\u00e5r der s\u00e6ttes p\u00e5 konti i POS.<\/li>\n\n\n\n<li>Integration med Dinero regnskabssystem &#8211; Automatisk upload af z-rapport og dagens salg i kassekladden.<\/li>\n\n\n\n<li>Integration med SumUp betalingsterminal. (Kun p\u00e5 Android og iOS enheder)<\/li>\n\n\n\n<li>Integration med S5-kortbetalingsl\u00f8sning<\/li>\n\n\n\n<li>Integration med Nets-kortbetalingsl\u00f8sning<\/li>\n\n\n\n<li>M\u00e6ngderabat.<\/li>\n\n\n\n<li>Stregkodescanning og kortnumre.<\/li>\n\n\n\n<li>Indk\u00f8b kan skrives p\u00e5 pladsregning.<\/li>\n\n\n\n<li>Genudskrivning af bon.<\/li>\n\n\n\n<li>Mulighed for integration af varekartoteker.<\/li>\n\n\n\n<li>Udspecificeret salgsrapport.<\/li>\n\n\n\n<li>Gavekort funktion.<\/li>\n\n\n\n<li>Valg fra varekategori.<\/li>\n\n\n\n<li>Viser ekspedientnavn, som kan skiftes via medarbejderkort eller indtastning.<\/li>\n\n\n\n<li>Mulighed for automatisk kasseskuffe.<\/li>\n\n\n\n<li>Op til 50 kategorier p\u00e5 sk\u00e6rmen, med hver op til 30 varer.<\/li>\n\n\n\n<li>Udskrivning af samlet oversigt over salg for specifik dato, m\u00e5ned eller \u00e5r.<\/li>\n\n\n\n<li>Hurtigt og nemt skift til mellem Restaurant- og Kioskmodul.<\/li>\n\n\n\n<li>ALLE tekster og farver kan \u00e6ndres p\u00e5 knapper.<\/li>\n\n\n\n<li>Mulighed for visning af sum i andre valutaer.<\/li>\n\n\n\n<li>Kan advare om lagerstatus.<\/li>\n\n\n\n<li>Mulighed for at parkere en bon.<\/li>\n\n\n\n<li>Underst\u00f8tter lagerstatus p\u00e5 kombi-varer.<\/li>\n<\/ul>\n\n\n\n<p><\/p>\n\n\n\n<figure class=\"wp-block-image size-large is-resized\"><img loading=\"lazy\" decoding=\"async\" width=\"1024\" height=\"476\" src=\"https:\/\/campsys.dk\/wp-content\/uploads\/2021\/05\/POS-1024x476.png\" alt=\"\" class=\"wp-image-127\" style=\"width:575px;height:268px\" srcset=\"https:\/\/campsys.dk\/wp-content\/uploads\/2021\/05\/POS-1024x476.png 1024w, https:\/\/campsys.dk\/wp-content\/uploads\/2021\/05\/POS-300x139.png 300w, https:\/\/campsys.dk\/wp-content\/uploads\/2021\/05\/POS-768x357.png 768w, https:\/\/campsys.dk\/wp-content\/uploads\/2021\/05\/POS-1536x714.png 1536w, https:\/\/campsys.dk\/wp-content\/uploads\/2021\/05\/POS-2048x952.png 2048w\" sizes=\"auto, (max-width: 1024px) 100vw, 1024px\" \/><\/figure>\n\n\n\n<p><\/p>\n","protected":false},"excerpt":{"rendered":"","protected":false},"author":1,"featured_media":0,"parent":0,"menu_order":0,"comment_status":"closed","ping_status":"closed","template":"","meta":{"footnotes":""},"class_list":["post-83","page","type-page","status-publish","hentry"],"_links":{"self":[{"href":"https:\/\/campsys.dk\/index.php\/wp-json\/wp\/v2\/pages\/83","targetHints":{"allow":["GET"]}}],"collection":[{"href":"https:\/\/campsys.dk\/index.php\/wp-json\/wp\/v2\/pages"}],"about":[{"href":"https:\/\/campsys.dk\/index.php\/wp-json\/wp\/v2\/types\/page"}],"author":[{"embeddable":true,"href":"https:\/\/campsys.dk\/index.php\/wp-json\/wp\/v2\/users\/1"}],"replies":[{"embeddable":true,"href":"https:\/\/campsys.dk\/index.php\/wp-json\/wp\/v2\/comments?post=83"}],"version-history":[{"count":12,"href":"https:\/\/campsys.dk\/index.php\/wp-json\/wp\/v2\/pages\/83\/revisions"}],"predecessor-version":[{"id":300,"href":"https:\/\/campsys.dk\/index.php\/wp-json\/wp\/v2\/pages\/83\/revisions\/300"}],"wp:attachment":[{"href":"https:\/\/campsys.dk\/index.php\/wp-json\/wp\/v2\/media?parent=83"}],"curies":[{"name":"wp","href":"https:\/\/api.w.org\/{rel}","templated":true}]}}